{"id":41,"date":"2015-11-21T11:50:48","date_gmt":"2015-11-21T11:50:48","guid":{"rendered":"http:\/\/beuge-consulting.com\/?page_id=41"},"modified":"2018-06-03T17:55:29","modified_gmt":"2018-06-03T17:55:29","slug":"impressum","status":"publish","type":"page","link":"https:\/\/beuge-consulting.com\/en\/impressum\/","title":{"rendered":"IMPRINT"},"content":{"rendered":"<p><\/p>\n<div class=\"entry-content clearfix\">\n<p><strong>IMPRINT<\/strong><\/p>\n<p>Matthias Beuge<br \/>\nWalderseestra\u00dfe 79<br \/>\n22605 Hamburg<\/p>\n<p>Tel. +494081991922<br \/>\nMail. matthias.beuge@beuge-consulting.com<\/p>\n<p>Inhaltlich verantwortlicher gem\u00e4\u00df \u00a76 MDStV: Matthias Beuge<\/p>\n<p><strong>HAFTUNGSAUSSCHLUSS (DISCLAIMER)<br \/>\n<\/strong>Als Diensteanbieter sind wir gem\u00e4\u00df \u00a7 7 Abs.1 TMG f\u00fcr eigene Inhalte auf diesen Seiten nach den allgemeinen\u00a0Gesetzen verantwortlich. Nach \u00a7\u00a7 8 bis 10 TMG sind wir als Diensteanbieter jedoch nicht verpflichtet,\u00a0\u00fcbermittelte oder gespeicherte fremde Informationen zu \u00fcberwachen oder nach Umst\u00e4nden zu forschen, die auf\u00a0eine rechtswidrige T\u00e4tigkeit hinweisen. Verpflichtungen zur Entfernung oder Sperrung der Nutzung von\u00a0Informationen nach den allgemeinen Gesetzen bleiben hiervon unber\u00fchrt. Eine diesbez\u00fcgliche Haftung ist<br \/>\njedoch erst ab dem Zeitpunkt der Kenntnis einer konkreten Rechtsverletzung m\u00f6glich. Bei Bekanntwerden von\u00a0entsprechenden Rechtsverletzungen werden wir diese Inhalte umgehend entfernen.<\/p>\n<p><strong>HAFTUNG F\u00dcR LINKS<br \/>\n<\/strong>Unser Angebot enth\u00e4lt Links zu externen Webseiten Dritter, auf deren Inhalte wir keinen Einfluss haben.\u00a0Deshalb k\u00f6nnen wir f\u00fcr diese fremden Inhalte auch keine Gew\u00e4hr \u00fcbernehmen. F\u00fcr die Inhalte der verlinkten Seiten ist stets der jeweilige Anbieter oder Betreiber der Seiten verantwortlich. Die verlinkten Seiten wurden zum\u00a0Zeitpunkt der Verlinkung auf m\u00f6gliche Rechtsverst\u00f6\u00dfe \u00fcberpr\u00fcft. Rechtswidrige Inhalte waren zum Zeitpunkt der\u00a0Verlinkung nicht erkennbar. Eine permanente inhaltliche Kontrolle der verlinkten Seiten ist jedoch ohne konkrete\u00a0Anhaltspunkte einer Rechtsverletzung nicht zumutbar. Bei Bekanntwerden von Rechtsverletzungen werden wir<br \/>\nderartige Links umgehend entfernen.<\/p>\n<p><strong>URHEBERRECHT<br \/>\n<\/strong>Die durch die Seitenbetreiber erstellten Inhalte und Werke auf diesen Seiten unterliegen dem deutschen\u00a0Urheberrecht. Die Vervielf\u00e4ltigung, Bearbeitung, Verbreitung und jede Art der Verwertung au\u00dferhalb der\u00a0Grenzen des Urheberrechtes bed\u00fcrfen der schriftlichen Zustimmung des jeweiligen Autors bzw. Erstellers.\u00a0Downloads und Kopien dieser Seite sind nur f\u00fcr den privaten, nicht kommerziellen Gebrauch gestattet. Soweit die Inhalte auf dieser Seite nicht vom Betreiber erstellt wurden, werden die Urheberrechte Dritter beachtet.\u00a0Insbesondere werden Inhalte Dritter als solche gekennzeichnet. Sollten Sie trotzdem auf eine\u00a0Urheberrechtsverletzung aufmerksam werden, bitten wir um einen entsprechenden Hinweis. Bei Bekanntwerden\u00a0von Rechtsverletzungen werden wir derartige Inhalte umgehend entfernen.<\/p>\n<p><strong> DATENSCHUTZERKL\u00c4RUNG<\/strong><br \/>\nVielen Dank f\u00fcr Ihr Interesse an unserem Onlineauftritt. Selbstverst\u00e4ndlich beachten wir die gesetzlichen Bestimmungen des Datenschutzgesetzes (BDSG) des Telemediengesetzes (TMG) und anderer datenschutzrechtlicher Bestimmungen. Bei Ihren pers\u00f6nlichen Daten k\u00f6nnen Sie uns vertrauen! Sie werden durch digitale Sicherheitssysteme verschl\u00fcsselt und an uns \u00fcbertragen. Unsere Webseiten sind durch technische Ma\u00dfnahmen gegen Besch\u00e4digungen, Zerst\u00f6rung oder unberechtigten Zugriff gesch\u00fctzt.<\/p>\n<p><strong>Gegenstand des Datenschutzes<\/strong><br \/>\nGegenstand des Datenschutzes sind personenbezogene Daten. Diese sind nach \u00a7 3 Abs. 1 BDSG Einzelangaben \u00fcber pers\u00f6nlich oder sachliche Verh\u00e4ltnisse einer bestimmten oder bestimmbaren nat\u00fcrlichen Person. Hierunter fallen z. B. Angaben wie Name, Post-Adresse, E-Mail-Adresse oder Telefonnummer, ggf. aber auch Nutzungsdaten wie Ihre IP-Adresse.<\/p>\n<p><strong>Umfang der Datenerhebung und -speicherung<\/strong><br \/>\nIm Allgemeinen ist es f\u00fcr die Nutzung unserer Internetseite nicht erforderlich, dass Sie personenbezogene Daten angeben. Damit wir unsere Dienstleistungen aber tats\u00e4chlich erbringen k\u00f6nnen, ben\u00f6tigen wir ggf. Ihre personenbezogenen Daten. Dies gilt sowohl bei der Zusendung von Informationsmaterial oder bestellter Ware sowie auch f\u00fcr die Beantwortung individueller Anfragen. Wenn Sie uns mit der Erbringung einer Dienstleistung oder der Zusendung von Ware beauftragen, erheben und speichern wir Ihre pers\u00f6nlichen Daten grunds\u00e4tzlich nur, soweit es f\u00fcr die Erbringung der Dienstleistung oder die Durchf\u00fchrung des Vertrages notwendig ist. Dazu kann es erforderlich sein, Ihre pers\u00f6nlichen Daten an Unternehmen weiterzugeben, die wir zur Erbringung der Dienstleistung oder zur Vertragsabwicklung einsetzen. Nach vollst\u00e4ndiger Vertragsabwicklung werden Ihre Daten gesperrt und nach Ablauf der steuer- und handelsrechtlichen Vorschriften gel\u00f6scht, sofern Sie nicht ausdr\u00fccklich einer dar\u00fcber hinausgehende Datenverwendung zugestimmt haben. Wenn Sie sich mit Ihrer E-Mail-Adresse f\u00fcr unseren Newsletter angemeldet haben, nutzen wir Ihre E-Mail-Adresse auch \u00fcber die Vertragsdurchf\u00fchrung hinaus f\u00fcr eigene Werbezwecke, bis Sie sich vom Newsletter-Bezug abmelden.<\/p>\n<p><strong>Daten-Erhebung durch Nutzung von Google-Analytics<\/strong><br \/>\nUnsere Webseite benutzt Google-Analytics, einen Webanalysedienst, der Google inc. Google-Analytics verwendet sogenannte \u201eCookies\u201c. Dabei handelt es sich um Textdateien, die auf Ihrem Computer gespeichert werden und die eine Analyse ihrer Benutzung der Website erm\u00f6glicht. Erfasst werden beispielsweise Informationen zum Betriebssystem, zum Browser, Ihrer IP-Adresse, die von Ihnen zuvor aufgerufene Webseite (Referrer-URL) und Datum und Uhrzeit Ihres Besuchs auf unserer Webseite. Die durch diese Textdatei erzeugten Informationen \u00fcber die Benutzung unserer Webseite werden an einen Server von Google in den USA \u00fcbertragen und dort gespeichert. Google wird diese Information benutzen, um Ihre Nutzung unserer Webseite auszuwerten, um Reports \u00fcber die Webseitenaktivit\u00e4t f\u00fcr die Webseitenbetreiber zusammen zu stellen und um weitere mit der Webseitennutzung und der Internetnutzung verbundenen Dienstleistungen zu erbringen. Sofern dies gesetzlich vorgeschrieben ist oder soweit Dritte diese Daten im Auftrag von Google verarbeiten, wird Google diese Information auch an diese Dritten weitergeben. Diese Nutzung erfolgt anonymisiert oder pseudonymisiert. N\u00e4here Informationen dar\u00fcber finden Sie direkt bei Google <a href=\"http:\/\/www.google.com\/intl\/de\/privacypolicy.html#information\"> http:\/\/www.google.com\/intl\/de\/privacypolicy.html#information<\/a><\/p>\n<p><strong>Google benutzt das DoubleClick DART-Cookie<\/strong><br \/>\nNutzer k\u00f6nnen die Verwendung des DART-Cookies deaktivieren, indem sie die <a href=\"http:\/\/www.google.de\/privacy_ads.html\">Datenschutzbestimmungen des Werbenetzwerks und Content-Werbenetzwerks von Google<\/a> aufrufen. Dabei werden keinerlei unmittelbare pers\u00f6nliche Daten des Nutzers gespeichert, sondern nur die Internetprotokoll\u2013Adresse. Diese Informationen dienen dazu, Sie bei Ihrem n\u00e4chsten Besuch auf unseren Websites automatisch wiederzuerkennen und Ihnen die Navigation zu erleichtern. Cookies erlauben es uns beispielsweise, eine Website Ihren Interessen anzupassen oder Ihr Kennwort zu speichern, damit Sie es nicht jedes Mal neu eingeben m\u00fcssen. Selbstverst\u00e4ndlich k\u00f6nnen Sie unsere Websites auch ohne Cookies betrachten. Wenn Sie nicht m\u00f6chten, dass wir Ihren Computer wiedererkennen, k\u00f6nnen Sie das Speichern von Cookies auf Ihrer Festplatte verhindern, indem Sie in Ihren Browser-Einstellungen \u201ckeine Cookies akzeptieren\u201d w\u00e4hlen. Wie das im einzelnen funktioniert, entnehmen Sie bitte der Anleitung Ihres Browser-Herstellers. Wenn Sie keine Cookies akzeptieren, kann dieses aber zu Funktionseinschr\u00e4nkungen unserer Angebote f\u00fchren. Sie k\u00f6nnen die Installation der Cookies durch eine entsprechende Einstellung Ihres Internetsbenutzungsprogramms (Browser) verhindern. Dazu m\u00fcssen Sie in Ihrem Internet-Browser die Speicherung von Cookies ausschalten. N\u00e4here Informationen hierzu \u00fcbernehmen Sie bitte den Benutzungshinweisen Ihres Internet-Browsers.<\/p>\n<p><strong>Erhebung und Speicherung von Nutzungsdaten<\/strong><br \/>\nZur Optimierung unserer Webseite sammeln und speichern wir Daten wie z. B. Datum und Uhrzeit des Seitenaufrufs, die Seite, von der Sie unsere Seite aufgerufen haben und \u00e4hnliches, sofern Sie dieser Datenerhebung und -speicherung nicht widersprechen. Dies erfolgt anonymisiert, ohne den Benutzer der Seite pers\u00f6nlich zu identifizieren. Ggf. werden Nutzerprofile mittels eines Pseudonyms erstellt. Auch hierbei erfolgt keine Verbindung zwischen der hinter dem Pseudonym stehenden nat\u00fcrlichen Personen mit den erhobenen Nutzungsdaten zur Erhebung und Speicherung der Nutzungsdaten setzen wir auch Cookies ein. Dabei handelt es sich um kleine Textdateien, die auf Ihrem Computer gespeichert werden und zur Speicherung von statistischen Information wie Betriebssystem, Ihrem Internetbenutzungsprogramm (Browser), IP-Adresse, der zuvor aufgerufene Webseite (Referrer-URL) und der Uhrzeit dienen. Diese Daten erheben wir ausschlie\u00dflich, zu statistischen Zwecken, um unseren Internetauftritt weiter zu optimieren und unsere Internetangebote noch attraktiver gestalten zu k\u00f6nnen. Die Erhebung und Speicherung erfolgt ausschlie\u00dflich in anonymisierter oder pseudonymisierter Form und l\u00e4sst keinen R\u00fcckschluss auf Sie als nat\u00fcrlich Person zu.<\/p>\n<p><strong>Zweckgebundene Datenverwendung<\/strong><br \/>\nWir beachten den Grundsatz der zweckgebundenen Daten-Verwendung und erheben, verarbeiten und speichern Ihre personenbezogenen Daten nur f\u00fcr die Zwecke, f\u00fcr die Sie sie uns mitgeteilt haben. Eine Weitergabe Ihrer pers\u00f6nlichen Daten an Dritte erfolgt ohne Ihre ausdr\u00fcckliche Einwilligung nicht, sofern dies nicht zur Erbringung der Dienstleistung oder zur Vertragsdurchf\u00fchrung notwendig ist. Auch die \u00dcbermittlung an auskunftsberechtigte staatliche Institution und Beh\u00f6rden erfolgt nur im Rahmen der gesetzlichen Auskunftspflichten oder wenn wir durch eine gerichtliche Entscheidung zur Auskunft verpflichtet werden. Auch den unternehmensinternen Datenschutz nehmen wir sehr ernst. Unsere Mitarbeiter und die von uns beauftragten Dienstleistungsunternehmen sind von uns zur Verschwiegenheit und zur Einhaltung der datenschutzrechtlichen Bestimmungen verpflichtet worden.<\/p>\n<p><strong>Auskunft- und Widerrufsrecht<\/strong><br \/>\nSie erhalten jederzeit ohne Angabe von Gr\u00fcnden kostenfrei Auskunft \u00fcber Ihre bei uns gespeicherten Daten. Sie k\u00f6nnen jederzeit Ihre bei uns erhobenen Daten sperren, berichtigen oder l\u00f6schen lassen und der anonymisierten oder pseudonymisierten Datenerhebung und -speicherung zu Optimierungszwecken unserer Website widersprechen. Auch k\u00f6nnen Sie jederzeit die uns erteilte Einwilligung zur Datenerhebung und Verwendung ohne Angaben von Gr\u00fcnden widerrufen. Wenden Sie sich hierzu bitte an die im Impressum angegebene Kontaktadresse. Wir stehen Ihnen jederzeit gern f\u00fcr weitergehende Fragen zu unserem Hinweisen zum Datenschutz und zur Verarbeitung Ihrer pers\u00f6nlichen Daten zur Verf\u00fcgung. Beachten sie, dass sich Datenschutzbestimmungen und Handhabungen zum Datenschutz, z. B. bei Google, laufend \u00e4ndern k\u00f6nnen. Es ist daher ratsam und erforderlich, sich \u00fcber Ver\u00e4nderungen der gesetzlichen Bestimmungen und der Praxis von Unternehmen, z. B. Google, laufend zu informieren.<\/p>\n<\/div>\n<p><\/p>","protected":false},"excerpt":{"rendered":"<p>IMPRINT Matthias Beuge Walderseestra\u00dfe 79 22605 Hamburg Tel. +494081991922 Mail. matthias.beuge@beuge-consulting.com Inhaltlich verantwortlicher gem\u00e4\u00df \u00a76 MDStV: Matthias Beuge HAFTUNGSAUSSCHLUSS (DISCLAIMER) Als Diensteanbieter sind wir gem\u00e4\u00df \u00a7 7 Abs.1 TMG f\u00fcr eigene Inhalte auf diesen Seiten nach den allgemeinen\u00a0Gesetzen verantwortlich. Nach &hellip; <a class=\"more-link\" href=\"https:\/\/beuge-consulting.com\/en\/impressum\/\">Continue reading <span class=\"meta-nav\">&rarr;<\/span><\/a><\/p>\n","protected":false},"author":1,"featured_media":0,"parent":0,"menu_order":0,"comment_status":"closed","ping_status":"closed","template":"nosidebar-page.php","meta":{"footnotes":""},"_links":{"self":[{"href":"https:\/\/beuge-consulting.com\/en\/wp-json\/wp\/v2\/pages\/41"}],"collection":[{"href":"https:\/\/beuge-consulting.com\/en\/wp-json\/wp\/v2\/pages"}],"about":[{"href":"https:\/\/beuge-consulting.com\/en\/wp-json\/wp\/v2\/types\/page"}],"author":[{"embeddable":true,"href":"https:\/\/beuge-consulting.com\/en\/wp-json\/wp\/v2\/users\/1"}],"replies":[{"embeddable":true,"href":"https:\/\/beuge-consulting.com\/en\/wp-json\/wp\/v2\/comments?post=41"}],"version-history":[{"count":6,"href":"https:\/\/beuge-consulting.com\/en\/wp-json\/wp\/v2\/pages\/41\/revisions"}],"predecessor-version":[{"id":278,"href":"https:\/\/beuge-consulting.com\/en\/wp-json\/wp\/v2\/pages\/41\/revisions\/278"}],"wp:attachment":[{"href":"https:\/\/beuge-consulting.com\/en\/wp-json\/wp\/v2\/media?parent=41"}],"curies":[{"name":"wp","href":"https:\/\/api.w.org\/{rel}","templated":true}]}}